{"id":1266,"date":"2024-05-13T14:07:30","date_gmt":"2024-05-13T14:07:30","guid":{"rendered":"https:\/\/sunmat.com.tr\/en\/?page_id=1266"},"modified":"2024-05-17T09:08:09","modified_gmt":"2024-05-17T09:08:09","slug":"hakkimizda","status":"publish","type":"page","link":"https:\/\/sunmat.com.tr\/en\/hakkimizda\/","title":{"rendered":"About Us"},"content":{"rendered":"\t\t<div data-elementor-type=\"wp-page\" data-elementor-id=\"1266\" class=\"elementor elementor-1266\" data-elementor-post-type=\"page\">\n\t\t\t\t<div class=\"elementor-element elementor-element-5862639 e-flex e-con-boxed e-con e-parent\" data-id=\"5862639\" data-element_type=\"container\" data-settings=\"{&quot;background_background&quot;:&quot;classic&quot;,&quot;ekit_has_onepagescroll_dot&quot;:&quot;yes&quot;}\">\n\t\t\t\t\t<div class=\"e-con-inner\">\n\t\t\t\t<div class=\"elementor-element elementor-element-ef25e1a elementor-widget elementor-widget-heading\" data-id=\"ef25e1a\" data-element_type=\"widget\" data-settings=\"{&quot;ekit_we_effect_on&quot;:&quot;none&quot;}\" data-widget_type=\"heading.default\">\n\t\t\t\t<div class=\"elementor-widget-container\">\n\t\t\t<style>\/*! elementor - v3.21.0 - 08-05-2024 *\/\n.elementor-heading-title{padding:0;margin:0;line-height:1}.elementor-widget-heading .elementor-heading-title[class*=elementor-size-]>a{color:inherit;font-size:inherit;line-height:inherit}.elementor-widget-heading .elementor-heading-title.elementor-size-small{font-size:15px}.elementor-widget-heading .elementor-heading-title.elementor-size-medium{font-size:19px}.elementor-widget-heading .elementor-heading-title.elementor-size-large{font-size:29px}.elementor-widget-heading .elementor-heading-title.elementor-size-xl{font-size:39px}.elementor-widget-heading .elementor-heading-title.elementor-size-xxl{font-size:59px}<\/style><h2 class=\"elementor-heading-title elementor-size-default\">ABOUT US<\/h2>\t\t<\/div>\n\t\t\t\t<\/div>\n\t\t\t\t\t<\/div>\n\t\t\t\t<\/div>\n\t\t<div class=\"elementor-element elementor-element-bd8f15e e-flex e-con-boxed e-con e-parent\" data-id=\"bd8f15e\" data-element_type=\"container\" data-settings=\"{&quot;ekit_has_onepagescroll_dot&quot;:&quot;yes&quot;}\">\n\t\t\t\t\t<div class=\"e-con-inner\">\n\t\t\t\t<div class=\"elementor-element elementor-element-e01112a elementor-widget elementor-widget-heading\" data-id=\"e01112a\" data-element_type=\"widget\" data-settings=\"{&quot;ekit_we_effect_on&quot;:&quot;none&quot;}\" data-widget_type=\"heading.default\">\n\t\t\t\t<div class=\"elementor-widget-container\">\n\t\t\t<p class=\"elementor-heading-title elementor-size-default\">SUNMAT PR\u0130NT\u0130NG SUPPL\u0130ES<\/p>\t\t<\/div>\n\t\t\t\t<\/div>\n\t\t\t\t<div class=\"elementor-element elementor-element-d60a726 elementor-widget elementor-widget-heading\" data-id=\"d60a726\" data-element_type=\"widget\" data-settings=\"{&quot;ekit_we_effect_on&quot;:&quot;none&quot;}\" data-widget_type=\"heading.default\">\n\t\t\t\t<div class=\"elementor-widget-container\">\n\t\t\t<p class=\"elementor-heading-title elementor-size-default\"><b>SUNMAT Co.<\/b> founded by Mr. Adem SUN in 1990 at its current location in the 100th Year Printers' Site, embarked on its commercial journey with the sale of invitations, calendars, and printing materials, adapting to the conditions of the time.<br><br>\n\nWith its friendly and paternal approach, it became a beloved and preferred brand among printers.<br><br>\n\nDriven by dedication and perseverance, it established a serious R&amp;D team and began producing printing chemicals under its own brand.<br><br>\n\nIt introduced many renowned printing materials from around the world to the printing industry in our country. Today, it facilitates the direct meeting of printers with international brands such as Acoma Offset Blankets and Sun Chemical distribution, among many others.\nWith its added service, Colormatic Machine, it takes pride in producing Pantone inks domestically with 100% local capital for flawless printing, both domestically and globally.<br><br>\n\n<b>SUNMAT Inc.<\/b> aims to always offer the best to its printer friends, at the best prices, with its strong economic structure, equipped and quality production capacity, and customer satisfaction principles.<\/p>\t\t<\/div>\n\t\t\t\t<\/div>\n\t\t\t\t\t<\/div>\n\t\t\t\t<\/div>\n\t\t\t\t<\/div>\n\t\t","protected":false},"excerpt":{"rendered":"<p>ABOUT US SUNMAT PR\u0130NT\u0130NG SUPPL\u0130ES SUNMAT Co. founded by Mr. Adem SUN in 1990 at its current location in the 100th Year Printers&#8217; Site, embarked on its commercial journey with the sale of invitations, calendars, and printing materials, adapting to the conditions of the time. With its friendly and paternal approach, it became a beloved [&hellip;]<\/p>\n","protected":false},"author":1,"featured_media":0,"parent":0,"menu_order":0,"comment_status":"closed","ping_status":"closed","template":"elementor_header_footer","meta":{"footnotes":""},"class_list":["post-1266","page","type-page","status-publish","hentry"],"_links":{"self":[{"href":"https:\/\/sunmat.com.tr\/en\/wp-json\/wp\/v2\/pages\/1266","targetHints":{"allow":["GET"]}}],"collection":[{"href":"https:\/\/sunmat.com.tr\/en\/wp-json\/wp\/v2\/pages"}],"about":[{"href":"https:\/\/sunmat.com.tr\/en\/wp-json\/wp\/v2\/types\/page"}],"author":[{"embeddable":true,"href":"https:\/\/sunmat.com.tr\/en\/wp-json\/wp\/v2\/users\/1"}],"replies":[{"embeddable":true,"href":"https:\/\/sunmat.com.tr\/en\/wp-json\/wp\/v2\/comments?post=1266"}],"version-history":[{"count":41,"href":"https:\/\/sunmat.com.tr\/en\/wp-json\/wp\/v2\/pages\/1266\/revisions"}],"predecessor-version":[{"id":2030,"href":"https:\/\/sunmat.com.tr\/en\/wp-json\/wp\/v2\/pages\/1266\/revisions\/2030"}],"wp:attachment":[{"href":"https:\/\/sunmat.com.tr\/en\/wp-json\/wp\/v2\/media?parent=1266"}],"curies":[{"name":"wp","href":"https:\/\/api.w.org\/{rel}","templated":true}]}}